{"id":48,"date":"2023-03-02T18:33:04","date_gmt":"2023-03-02T18:33:04","guid":{"rendered":"https:\/\/wfbn.myhoasted.com\/\/?page_id=48"},"modified":"2024-06-09T10:24:54","modified_gmt":"2024-06-09T08:24:54","slug":"doelstelling","status":"publish","type":"page","link":"https:\/\/wfbn.nl\/en\/doelstelling\/","title":{"rendered":"Objective"},"content":{"rendered":"<p>[et_pb_section fb_built=&#8221;1&#8243; admin_label=&#8221;Header&#8221; _builder_version=&#8221;4.23.1&#8243; background_color=&#8221;#e5f0fd&#8221; custom_padding=&#8221;||0px|||&#8221; hover_enabled=&#8221;0&#8243; locked=&#8221;off&#8221; global_colors_info=&#8221;{}&#8221; sticky_enabled=&#8221;0&#8243;][et_pb_row make_equal=&#8221;on&#8221; _builder_version=&#8221;4.23.1&#8243; hover_enabled=&#8221;0&#8243; global_colors_info=&#8221;{}&#8221; sticky_enabled=&#8221;0&#8243;][et_pb_column type=&#8221;4_4&#8243; _builder_version=&#8221;4.23.1&#8243; hover_enabled=&#8221;0&#8243; global_colors_info=&#8221;{}&#8221; sticky_enabled=&#8221;0&#8243;][et_pb_text _builder_version=&#8221;4.23.1&#8243; text_font=&#8221;||||||||&#8221; header_font=&#8221;|600|||||||&#8221; header_line_height=&#8221;2em&#8221; header_2_font=&#8221;Abril Fatface||||||||&#8221; header_2_font_size=&#8221;56px&#8221; header_2_line_height=&#8221;1.1em&#8221; hover_enabled=&#8221;0&#8243; text_font_size_tablet=&#8221;&#8221; text_font_size_phone=&#8221;14px&#8221; text_font_size_last_edited=&#8221;on|desktop&#8221; text_line_height_tablet=&#8221;&#8221; text_line_height_phone=&#8221;1.6em&#8221; text_line_height_last_edited=&#8221;on|desktop&#8221; header_font_size_tablet=&#8221;54px&#8221; header_font_size_phone=&#8221;34px&#8221; header_font_size_last_edited=&#8221;on|phone&#8221; header_2_font_size_tablet=&#8221;36px&#8221; header_2_font_size_phone=&#8221;24px&#8221; header_2_font_size_last_edited=&#8221;on|phone&#8221; locked=&#8221;off&#8221; global_colors_info=&#8221;{}&#8221; sticky_enabled=&#8221;0&#8243;]<\/p>\n<h1>Doelstelling<\/h1>\n<p>[\/et_pb_text][et_pb_divider show_divider=&#8221;off&#8221; _builder_version=&#8221;4.16&#8243; height_tablet=&#8221;300px&#8221; height_phone=&#8221;200px&#8221; height_last_edited=&#8221;on|desktop&#8221; global_colors_info=&#8221;{}&#8221;][\/et_pb_divider][\/et_pb_column][\/et_pb_row][\/et_pb_section][et_pb_section fb_built=&#8221;1&#8243; admin_label=&#8221;Header&#8221; _builder_version=&#8221;4.16&#8243; custom_padding=&#8221;||0px|||&#8221; locked=&#8221;off&#8221; global_colors_info=&#8221;{}&#8221;][et_pb_row column_structure=&#8221;3_5,2_5&#8243; make_equal=&#8221;on&#8221; _builder_version=&#8221;4.20.0&#8243; global_colors_info=&#8221;{}&#8221;][et_pb_column type=&#8221;3_5&#8243; _builder_version=&#8221;4.16&#8243; global_colors_info=&#8221;{}&#8221;][et_pb_text _builder_version=&#8221;4.23.1&#8243; text_font=&#8221;||||||||&#8221; header_font=&#8221;Arial||||||||&#8221; header_font_size=&#8221;110px&#8221; header_line_height=&#8221;0.9em&#8221; header_2_font=&#8221;Abril Fatface||||||||&#8221; header_2_font_size=&#8221;56px&#8221; header_2_line_height=&#8221;1.1em&#8221; max_width=&#8221;640px&#8221; text_font_size_tablet=&#8221;&#8221; text_font_size_phone=&#8221;14px&#8221; text_font_size_last_edited=&#8221;on|desktop&#8221; text_line_height_tablet=&#8221;&#8221; text_line_height_phone=&#8221;1.6em&#8221; text_line_height_last_edited=&#8221;on|desktop&#8221; header_font_size_tablet=&#8221;54px&#8221; header_font_size_phone=&#8221;34px&#8221; header_font_size_last_edited=&#8221;on|phone&#8221; header_2_font_size_tablet=&#8221;36px&#8221; header_2_font_size_phone=&#8221;24px&#8221; header_2_font_size_last_edited=&#8221;on|phone&#8221; locked=&#8221;off&#8221; global_colors_info=&#8221;{}&#8221;]<\/p>\n<p>Dit is de essentie van het wereldfederalisme: het instellen van mondiale gezagsorganen met wettelijke en politieke autoriteit om problemen op te lossen die alleen op wereldniveau kunnen worden opgelost, en tegelijkertijd de zeggenschap van de afzonderlijke staten bewaren als het gaat om zaken die in essentie als intern beschouwd kunnen worden.<\/p>\n<p><em>DE WERELDFEDERATlE IS EEN DOEL VOOR DE TOEKOMST EN EEN DRINGENDE TAAK VOOR VANDAAG.<\/em><\/p>\n<p>[\/et_pb_text][\/et_pb_column][et_pb_column type=&#8221;2_5&#8243; _builder_version=&#8221;4.20.0&#8243; background_image=&#8221;https:\/\/wfbn.myhoasted.com\/\/wp-content\/uploads\/2023\/03\/aarde.png&#8221; global_colors_info=&#8221;{}&#8221;][et_pb_divider show_divider=&#8221;off&#8221; _builder_version=&#8221;4.16&#8243; height_tablet=&#8221;300px&#8221; height_phone=&#8221;200px&#8221; height_last_edited=&#8221;on|desktop&#8221; global_colors_info=&#8221;{}&#8221;][\/et_pb_divider][\/et_pb_column][\/et_pb_row][\/et_pb_section][et_pb_section fb_built=&#8221;1&#8243; admin_label=&#8221;Mission&#8221; _builder_version=&#8221;4.16&#8243; custom_padding=&#8221;11px|||||&#8221; global_colors_info=&#8221;{}&#8221;][et_pb_row _builder_version=&#8221;4.16&#8243; global_colors_info=&#8221;{}&#8221;][et_pb_column type=&#8221;4_4&#8243; _builder_version=&#8221;4.16&#8243; global_colors_info=&#8221;{}&#8221;][et_pb_text _builder_version=&#8221;4.23.1&#8243; header_3_font=&#8221;Abril Fatface||||||||&#8221; header_3_font_size=&#8221;38px&#8221; header_3_line_height=&#8221;1.1em&#8221; header_3_font_size_tablet=&#8221;28px&#8221; header_3_font_size_phone=&#8221;18px&#8221; header_3_font_size_last_edited=&#8221;on|phone&#8221; locked=&#8221;off&#8221; global_colors_info=&#8221;{}&#8221;]<\/p>\n<p>We beseffen dat het opzetten van een wereldgemeenschap \u2013 \u00e9\u00e9n die gebaseerd is op fundamentele rechtvaardigheid en het waarderen van bestaande verschillen \u2013 de grootste intellectuele, morele en politieke uitdaging van onze tijd is. Deze uitdaging roept een ieder van ons op om ons geloof en onze prioriteiten nader te bekijken en uitdrukking te geven aan onze persoonlijke deelname aan de wereldverandering.\u200b<\/p>\n<p>Als leden van de wereldfederalistenbeweging benadrukken we ons besluit om onze rechten en verantwoordelijkheden als burgers van de hele wereld uit te oefenen, teneinde de verheven doelstellingen van de Verenigde Naties te bereiken.<\/p>\n<p>\u200bOnze planeet bevindt zich in een crisis en kampt met ernstige problemen die de landen afzonderlijk in een onbestuurde wereld niet op kunnen lossen. Het is voor de wereldbevolking en regeringen een dringende zaak geworden om samen te werken bij het scheppen van een nieuw niveau van wereldsamenwerking, dat alleen bereikt kan worden door zich als een daadwerkelijke gemeenschap aan de planeet te wijden. Wij doen het en roepen onze medeburgers en onze regering op hetzelfde te doen.\u200b<\/p>\n<p>Als wereldfederalisten bekijken we de wereld als \u00e9\u00e9n gemeenschap die de gehele mensheid in al haar verscheidenheid omarmt. We gaan ervan uit dat de idealen en de principes van het gemeenschapsleven de basis vormen van het burgerbestaan en toegepast moeten worden op de internationale relaties. Daarom roepen we op tot dringende voortgang van het ontwikkelen van democratische juridische instituten van de wereld waardoor de wereldburgers en de landen hun relaties kunnen besturen om zich van een vreedzame, rechtvaardige en ecologisch leefbare wereldsamenleving te verzekeren.<\/p>\n<p>\u200bDeze instituten moeten voldoende feitelijk gezag hebben om wetten te maken en recht te doen gelden, overeenkomstig het federalistische basisprincipe van subsidiariteit. Dit vormt de verdeling van politieke autoriteit en bevoegdheden tussen de verschillende regeringsniveaus en de oplossing van problemen op het niveau waar deze zich voordoen, in het algemeen zo lokaal mogelijk.<\/p>\n<p>[\/et_pb_text][\/et_pb_column][\/et_pb_row][et_pb_row _builder_version=&#8221;4.20.0&#8243; _module_preset=&#8221;default&#8221; global_colors_info=&#8221;{}&#8221;][et_pb_column type=&#8221;4_4&#8243; _builder_version=&#8221;4.20.0&#8243; _module_preset=&#8221;default&#8221; global_colors_info=&#8221;{}&#8221;][et_pb_text _builder_version=&#8221;4.23.1&#8243; _module_preset=&#8221;default&#8221; header_font=&#8221;|600|||||||&#8221; header_font_size=&#8221;22px&#8221; header_line_height=&#8221;2em&#8221; header_3_font=&#8221;|600|||||||&#8221; header_3_line_height=&#8221;2em&#8221; global_colors_info=&#8221;{}&#8221;]<\/p>\n<h3>Speerpunten voor het streven naar een wereldfederatie<\/h3>\n<p>[\/et_pb_text][\/et_pb_column][\/et_pb_row][et_pb_row column_structure=&#8221;1_2,1_2&#8243; _builder_version=&#8221;4.16&#8243; global_colors_info=&#8221;{}&#8221;][et_pb_column type=&#8221;1_2&#8243; _builder_version=&#8221;4.16&#8243; global_colors_info=&#8221;{}&#8221;][et_pb_text _builder_version=&#8221;4.20.0&#8243; header_3_font=&#8221;Abril Fatface||||||||&#8221; header_3_font_size=&#8221;38px&#8221; header_3_line_height=&#8221;1.1em&#8221; max_width=&#8221;800px&#8221; header_3_font_size_tablet=&#8221;28px&#8221; header_3_font_size_phone=&#8221;18px&#8221; header_3_font_size_last_edited=&#8221;on|phone&#8221; locked=&#8221;off&#8221; global_colors_info=&#8221;{}&#8221;]<\/p>\n<ul>\n<li>Begrip en vriendschappelijke verhoudingen tussen de culturen van de wereld en de politieke ideologie\u00ebn onderling bevorderen.<\/li>\n<li>Be\u00ebindigen van de wapenwedloop en de vernietiging van alle wapens voor massavernietiging.<\/li>\n<li>Een einde maken aan het dreigen met en voeren van (burger)oorlog en terrorisme.<\/li>\n<li>Respect afdwingen voor de universele rechten van de mens en de universele vrijheden, waaronder het recht van allen op de voorwaarden van een volwaardig leven en de vrijheid van allen om op verantwoordelijke wijze uitdrukking te geven aan hun geloof.<\/li>\n<li>Evenredige deelname van allen aan de wereldeconomie en aan besluiten op wereldniveau die ons leven be\u00efnvloeden.<\/li>\n<li>De bescherming van ons milieu en het behoud van het ecosysteem voor de volgende generaties.<\/li>\n<li>Het ontstaan van een wereldethiek en van het bewustzijn van de mensheid als \u00e9\u00e9n gemeenschap en van ieder persoon als burger van \u00e9\u00e9n wereld<\/li>\n<\/ul>\n<p>[\/et_pb_text][\/et_pb_column][et_pb_column type=&#8221;1_2&#8243; _builder_version=&#8221;4.16&#8243; global_colors_info=&#8221;{}&#8221;][et_pb_image src=&#8221;https:\/\/wfbn.myhoasted.com\/\/wp-content\/uploads\/2023\/03\/milieu.jpg&#8221; title_text=&#8221;milieu&#8221; _builder_version=&#8221;4.20.0&#8243; _module_preset=&#8221;default&#8221; global_colors_info=&#8221;{}&#8221;][\/et_pb_image][\/et_pb_column][\/et_pb_row][\/et_pb_section]<\/p>\n","protected":false},"excerpt":{"rendered":"<p>DoelstellingDit is de essentie van het wereldfederalisme: het instellen van mondiale gezagsorganen met wettelijke en politieke autoriteit om problemen op te lossen die alleen op wereldniveau kunnen worden opgelost, en tegelijkertijd de zeggenschap van de afzonderlijke staten bewaren als het gaat om zaken die in essentie als intern beschouwd kunnen worden. DE WERELDFEDERATlE IS EEN [&hellip;]<\/p>\n","protected":false},"author":4,"featured_media":0,"parent":0,"menu_order":0,"comment_status":"closed","ping_status":"closed","template":"","meta":{"_et_pb_use_builder":"on","_et_pb_old_content":"","_et_gb_content_width":"","footnotes":""},"class_list":["post-48","page","type-page","status-publish","hentry"],"publishpress_future_action":{"enabled":false,"date":"2026-04-30 19:23:10","action":"change-status","newStatus":"draft","terms":[],"taxonomy":"","extraData":[]},"publishpress_future_workflow_manual_trigger":{"enabledWorkflows":[]},"_links":{"self":[{"href":"https:\/\/wfbn.nl\/en\/wp-json\/wp\/v2\/pages\/48","targetHints":{"allow":["GET"]}}],"collection":[{"href":"https:\/\/wfbn.nl\/en\/wp-json\/wp\/v2\/pages"}],"about":[{"href":"https:\/\/wfbn.nl\/en\/wp-json\/wp\/v2\/types\/page"}],"author":[{"embeddable":true,"href":"https:\/\/wfbn.nl\/en\/wp-json\/wp\/v2\/users\/4"}],"replies":[{"embeddable":true,"href":"https:\/\/wfbn.nl\/en\/wp-json\/wp\/v2\/comments?post=48"}],"version-history":[{"count":10,"href":"https:\/\/wfbn.nl\/en\/wp-json\/wp\/v2\/pages\/48\/revisions"}],"predecessor-version":[{"id":342,"href":"https:\/\/wfbn.nl\/en\/wp-json\/wp\/v2\/pages\/48\/revisions\/342"}],"wp:attachment":[{"href":"https:\/\/wfbn.nl\/en\/wp-json\/wp\/v2\/media?parent=48"}],"curies":[{"name":"wp","href":"https:\/\/api.w.org\/{rel}","templated":true}]}}